
{"id":75754,"date":"2025-09-27T11:01:31","date_gmt":"2025-09-27T11:01:31","guid":{"rendered":"https:\/\/www.polynoch.com\/plastik\/?page_id=75754"},"modified":"2025-09-27T11:13:50","modified_gmt":"2025-09-27T11:13:50","slug":"kurumsal","status":"publish","type":"page","link":"https:\/\/www.polynoch.com\/plastik\/kurumsal\/","title":{"rendered":"Kurumsal"},"content":{"rendered":"\t\t<div data-elementor-type=\"wp-page\" data-elementor-id=\"75754\" class=\"elementor elementor-75754\">\n\t\t\t\t\t\t<section class=\"elementor-section elementor-top-section elementor-element elementor-element-0a1343d elementor-section-full_width elementor-section-height-default elementor-section-height-default sc_fly_static\" data-id=\"0a1343d\" data-element_type=\"section\">\n\t\t\t\t\t\t<div class=\"elementor-container elementor-column-gap-extended\">\n\t\t\t\t\t<div class=\"elementor-column elementor-col-100 elementor-top-column elementor-element elementor-element-6cd70d5 sc_content_align_inherit sc_layouts_column_icons_position_left sc_fly_static\" data-id=\"6cd70d5\" data-element_type=\"column\">\n\t\t\t<div class=\"elementor-widget-wrap elementor-element-populated\">\n\t\t\t\t\t\t<div class=\"elementor-element elementor-element-381487d sc_layouts_hide_on_mobile sc_fly_static elementor-widget elementor-widget-image\" data-id=\"381487d\" data-element_type=\"widget\" data-widget_type=\"image.default\">\n\t\t\t\t<div class=\"elementor-widget-container\">\n\t\t\t\t\t\t\t\t\t\t\t\t\t\t\t<img fetchpriority=\"high\" decoding=\"async\" width=\"1200\" height=\"551\" src=\"https:\/\/www.polynoch.com\/plastik\/wp-content\/uploads\/2025\/09\/kurumsal-ust.jpg\" class=\"attachment-full size-full wp-image-75756\" alt=\"\" srcset=\"https:\/\/www.polynoch.com\/plastik\/wp-content\/uploads\/2025\/09\/kurumsal-ust.jpg 1200w, https:\/\/www.polynoch.com\/plastik\/wp-content\/uploads\/2025\/09\/kurumsal-ust-300x138.jpg 300w, https:\/\/www.polynoch.com\/plastik\/wp-content\/uploads\/2025\/09\/kurumsal-ust-1024x470.jpg 1024w, https:\/\/www.polynoch.com\/plastik\/wp-content\/uploads\/2025\/09\/kurumsal-ust-768x353.jpg 768w, https:\/\/www.polynoch.com\/plastik\/wp-content\/uploads\/2025\/09\/kurumsal-ust-370x170.jpg 370w, https:\/\/www.polynoch.com\/plastik\/wp-content\/uploads\/2025\/09\/kurumsal-ust-840x386.jpg 840w, https:\/\/www.polynoch.com\/plastik\/wp-content\/uploads\/2025\/09\/kurumsal-ust-410x188.jpg 410w, https:\/\/www.polynoch.com\/plastik\/wp-content\/uploads\/2025\/09\/kurumsal-ust-730x335.jpg 730w\" sizes=\"(max-width: 1200px) 100vw, 1200px\" \/>\t\t\t\t\t\t\t\t\t\t\t\t\t\t\t<\/div>\n\t\t\t\t<\/div>\n\t\t\t\t\t<\/div>\n\t\t<\/div>\n\t\t\t\t\t<\/div>\n\t\t<\/section>\n\t\t\t\t<section class=\"elementor-section elementor-top-section elementor-element elementor-element-68d893d elementor-section-boxed elementor-section-height-default elementor-section-height-default sc_fly_static\" data-id=\"68d893d\" data-element_type=\"section\">\n\t\t\t\t\t\t<div class=\"elementor-container elementor-column-gap-extended\">\n\t\t\t\t\t<div class=\"elementor-column elementor-col-50 elementor-top-column elementor-element elementor-element-d29561a sc_content_align_inherit sc_layouts_column_icons_position_left sc_fly_static\" data-id=\"d29561a\" data-element_type=\"column\">\n\t\t\t<div class=\"elementor-widget-wrap elementor-element-populated\">\n\t\t\t\t\t\t<div class=\"elementor-element elementor-element-15e2d12 sc_fly_static elementor-widget elementor-widget-image\" data-id=\"15e2d12\" data-element_type=\"widget\" data-widget_type=\"image.default\">\n\t\t\t\t<div class=\"elementor-widget-container\">\n\t\t\t\t\t\t\t\t\t\t\t\t\t\t\t<img decoding=\"async\" width=\"683\" height=\"1024\" src=\"https:\/\/www.polynoch.com\/plastik\/wp-content\/uploads\/2025\/09\/resim_2025-09-26_000804227-683x1024.png\" class=\"attachment-large size-large wp-image-75748\" alt=\"\" srcset=\"https:\/\/www.polynoch.com\/plastik\/wp-content\/uploads\/2025\/09\/resim_2025-09-26_000804227-683x1024.png 683w, https:\/\/www.polynoch.com\/plastik\/wp-content\/uploads\/2025\/09\/resim_2025-09-26_000804227-200x300.png 200w, https:\/\/www.polynoch.com\/plastik\/wp-content\/uploads\/2025\/09\/resim_2025-09-26_000804227-768x1152.png 768w, https:\/\/www.polynoch.com\/plastik\/wp-content\/uploads\/2025\/09\/resim_2025-09-26_000804227-370x555.png 370w, https:\/\/www.polynoch.com\/plastik\/wp-content\/uploads\/2025\/09\/resim_2025-09-26_000804227-410x615.png 410w, https:\/\/www.polynoch.com\/plastik\/wp-content\/uploads\/2025\/09\/resim_2025-09-26_000804227-730x1095.png 730w, https:\/\/www.polynoch.com\/plastik\/wp-content\/uploads\/2025\/09\/resim_2025-09-26_000804227.png 800w\" sizes=\"(max-width: 683px) 100vw, 683px\" \/>\t\t\t\t\t\t\t\t\t\t\t\t\t\t\t<\/div>\n\t\t\t\t<\/div>\n\t\t\t\t\t<\/div>\n\t\t<\/div>\n\t\t\t\t<div class=\"elementor-column elementor-col-50 elementor-top-column elementor-element elementor-element-9ccf6b6 sc_content_align_inherit sc_layouts_column_icons_position_left sc_fly_static\" data-id=\"9ccf6b6\" data-element_type=\"column\">\n\t\t\t<div class=\"elementor-widget-wrap elementor-element-populated\">\n\t\t\t\t\t\t<div class=\"elementor-element elementor-element-c106fd3 sc_fly_static elementor-widget elementor-widget-text-editor\" data-id=\"c106fd3\" data-element_type=\"widget\" data-widget_type=\"text-editor.default\">\n\t\t\t\t<div class=\"elementor-widget-container\">\n\t\t\t\t\t\t\t\t\t<div class=\"fusion-builder-row fusion-builder-row-inner fusion-row fusion-flex-align-items-flex-start fusion-flex-content-wrap\"><div class=\"fusion-layout-column fusion_builder_column_inner fusion-builder-nested-column-0 fusion_builder_column_inner_1_1 1_1 fusion-flex-column\"><div class=\"fusion-column-wrapper fusion-column-has-shadow fusion-flex-justify-content-flex-start fusion-content-layout-row\"><div class=\"fusion-title title fusion-title-3 fusion-sep-none fusion-title-text fusion-title-size-three\"><h4 class=\"fusion-title-heading title-heading-left fusion-responsive-typography-calculated\" data-fontsize=\"22\" data-lineheight=\"26.4px\">B\u00fcy\u00fck Se\u00e7enekler ve Yenilik\u00e7i \u00c7\u00f6z\u00fcmler, PolyNOCH \u0130le S\u00fcrd\u00fcr\u00fclebilir Gelecek!<\/h4><\/div><\/div><\/div><\/div><div class=\"fusion-text fusion-text-3 fusion-text-no-margin\"><p>PolyNOCH olarak, esnek ve b\u00fcy\u00fcmeye a\u00e7\u0131k organizasyon yap\u0131m\u0131zla, ba\u015far\u0131y\u0131 g\u00fc\u00e7l\u00fc bir ekip ruhu ve i\u015f birli\u011fi anlay\u0131\u015f\u0131yla in\u015fa ediyoruz. Her bir \u00e7al\u0131\u015fan\u0131m\u0131z\u0131n katk\u0131s\u0131n\u0131 stratejik bir de\u011fer olarak kabul ediyor, yenilik\u00e7i yakla\u015f\u0131m\u0131m\u0131zla yetkinliklerine g\u00f6re g\u00fc\u00e7l\u00fc ve dinamik bir tak\u0131m olu\u015fturduk. Ekip olarak, yaln\u0131zca bug\u00fcn\u00fcn de\u011fil, gelece\u011fin ba\u015far\u0131lar\u0131n\u0131 da g\u00fcvence alt\u0131na al\u0131yoruz.<\/p><p>Kurumsal k\u00fclt\u00fcr\u00fcm\u00fcz\u00fcn temelinde, etkin bir ekip \u00e7al\u0131\u015fmas\u0131 ve \u00e7al\u0131\u015fan mutlulu\u011fu yer almaktad\u0131r. Biz, mutlu \u00e7al\u0131\u015fanlar\u0131n sadece i\u015f \u00fcretmekle kalmay\u0131p, s\u00fcrd\u00fcr\u00fclebilir de\u011fer yaratt\u0131\u011f\u0131na inan\u0131yoruz. \u00c7al\u0131\u015fanlar\u0131m\u0131z\u0131n kendilerini de\u011ferli hissettikleri, katk\u0131lar\u0131yla i\u015f s\u00fcre\u00e7lerimize y\u00f6n verdikleri ve ba\u015far\u0131y\u0131 ortak bir paydada bulu\u015fturdu\u011fumuz bir \u00e7al\u0131\u015fma ortam\u0131 in\u015fa etmi\u015f bulunuyoruz. PolyNOCH olarak, ekip ruhuyla b\u00fcy\u00fcyen, kararl\u0131l\u0131kla g\u00fc\u00e7lenen ve ba\u015far\u0131y\u0131 birlikte sahiplenen bir \u015firket olarak faaliyetlerimizi s\u00fcrd\u00fcr\u00fcyoruz.<\/p><\/div>\t\t\t\t\t\t\t\t<\/div>\n\t\t\t\t<\/div>\n\t\t\t\t\t<\/div>\n\t\t<\/div>\n\t\t\t\t\t<\/div>\n\t\t<\/section>\n\t\t\t\t<section class=\"elementor-section elementor-top-section elementor-element elementor-element-9b0182c elementor-section-boxed elementor-section-height-default elementor-section-height-default sc_fly_static\" data-id=\"9b0182c\" data-element_type=\"section\">\n\t\t\t\t\t\t<div class=\"elementor-container elementor-column-gap-extended\">\n\t\t\t\t\t<div class=\"elementor-column elementor-col-100 elementor-top-column elementor-element elementor-element-04724de sc_content_align_inherit sc_layouts_column_icons_position_left sc_fly_static\" data-id=\"04724de\" data-element_type=\"column\">\n\t\t\t<div class=\"elementor-widget-wrap elementor-element-populated\">\n\t\t\t\t\t\t<div class=\"elementor-element elementor-element-a0ea0c1 sc_fly_static elementor-widget elementor-widget-text-editor\" data-id=\"a0ea0c1\" data-element_type=\"widget\" data-widget_type=\"text-editor.default\">\n\t\t\t\t<div class=\"elementor-widget-container\">\n\t\t\t\t\t\t\t\t\t<p><span style=\"color: #000000;\"><strong>Misyon;<br \/><\/strong><\/span>Firmam\u0131z\u0131n ana misyonu, ticari ve etik de\u011ferleri g\u00f6zeterek, do\u011faya en az zarar veren plastik \u00fcr\u00fcnleri \u00fcretmek ve sekt\u00f6rdeki yerimizi sa\u011flamla\u015ft\u0131rmakt\u0131r. \u00c7evreye duyarl\u0131 ve s\u00fcrd\u00fcr\u00fclebilir \u00fcr\u00fcnler sunarak, sadece bug\u00fcn\u00fcn de\u011fil, yar\u0131n\u0131n d\u00fcnyas\u0131n\u0131 da korumay\u0131 ama\u00e7l\u0131yoruz.<\/p><p>\u00dcr\u00fcnlerimizde s\u0131n\u0131r tan\u0131madan, yenilik\u00e7i ve yarat\u0131c\u0131 ad\u0131mlarla \u00f6nce T\u00fcrkiye pazar\u0131na hitap ediyor, ard\u0131ndan global pazara a\u00e7\u0131lmay\u0131 hedefliyoruz. Hem \u00fclkemizi uluslararas\u0131 alanda en iyi \u015fekilde temsil etmeyi, hem de d\u00fcnya \u00e7ap\u0131nda g\u00fcvenilir ve \u00e7evre dostu bir marka olarak tan\u0131nmay\u0131 ama\u00e7l\u0131yoruz.<\/p><p><span style=\"color: #000000;\"><strong>Vizyon;<br \/><\/strong><\/span><strong>PolyNOCH<\/strong>, plastik \u00fcr\u00fcnlerini yenilik\u00e7i ve s\u00fcrd\u00fcr\u00fclebilir bir anlay\u0131\u015fla tasarlay\u0131p \u00fcretmeyi hedefleyen bir markad\u0131r.<br \/>\u00c7evre dostu yakla\u015f\u0131m\u0131m\u0131zla, \u00fcretim s\u00fcre\u00e7lerimizi optimize ederek do\u011fay\u0131 korumay\u0131 ve insanlar\u0131n ya\u015fam kalitesini art\u0131rmay\u0131 ama\u00e7l\u0131yoruz.<\/p><p>Sekt\u00f6rdeki vizyoner ve sayg\u0131n konumumuzu daha da sa\u011flamla\u015ft\u0131rarak, sekt\u00f6r\u00fcn temel ta\u015flar\u0131ndan biri olmay\u0131 hedeflemekle birlikte yenilik\u00e7i bir bak\u0131\u015f a\u00e7\u0131s\u0131 kazand\u0131rarak yarat\u0131c\u0131 \u00e7\u00f6z\u00fcmler sunmay\u0131 ve bu sayede s\u00fcrd\u00fcr\u00fclebilir bir gelecek i\u00e7in anlaml\u0131 de\u011ferler yaratmay\u0131 ama\u00e7l\u0131yoruz.<\/p><p>Her ad\u0131m\u0131m\u0131zda, insanlara ve do\u011faya duydu\u011fumuz sayg\u0131y\u0131 \u00f6ncelikli k\u0131larak, geli\u015ftirilebilir de\u011ferler \u00fcretmeye devam ediyor olacak, Global bak\u0131\u015f a\u00e7\u0131s\u0131yla hem yerel hem de uluslararas\u0131 m\u00fc\u015fterilerimize hizmet vererek, s\u00fcrd\u00fcr\u00fclebilir bir gelece\u011fe katk\u0131da bulunmay\u0131 ve sekt\u00f6rdeki yerimizi daha da sa\u011flamla\u015ft\u0131rmay\u0131 hedefliyoruz.<\/p>\t\t\t\t\t\t\t\t<\/div>\n\t\t\t\t<\/div>\n\t\t\t\t\t<\/div>\n\t\t<\/div>\n\t\t\t\t\t<\/div>\n\t\t<\/section>\n\t\t\t\t<section class=\"elementor-section-with-custom-width elementor-section elementor-top-section elementor-element elementor-element-7cae3bb elementor-section-full_width elementor-section-stretched elementor-section-height-default elementor-section-height-default sc_fly_static\" data-id=\"7cae3bb\" data-element_type=\"section\" data-settings=\"{&quot;stretch_section&quot;:&quot;section-stretched&quot;}\">\n\t\t\t\t\t\t<div class=\"elementor-container elementor-column-gap-no\">\n\t\t\t\t\t<div class=\"elementor-column elementor-col-100 elementor-top-column elementor-element elementor-element-45c0325 sc_content_align_inherit sc_layouts_column_icons_position_left sc_fly_static\" data-id=\"45c0325\" data-element_type=\"column\">\n\t\t\t<div class=\"elementor-widget-wrap elementor-element-populated\">\n\t\t\t\t\t\t<div class=\"elementor-element elementor-element-00538f9 elementor-widget__width-initial sc_fly_static elementor-widget elementor-widget-html\" data-id=\"00538f9\" data-element_type=\"widget\" data-widget_type=\"html.default\">\n\t\t\t\t<div class=\"elementor-widget-container\">\n\t\t\t\t\t<div style=\"width:100% !important; background-color:#374319; padding:70px 20px; text-align:center; box-sizing:border-box;\">\r\n  <p style=\"color:#ffffff; font-size:24px; font-weight:600; line-height:1.6; margin:0; max-width:900px; margin-left:auto; margin-right:auto;\">\r\n    PolyNOCH ile s\u00fcrd\u00fcr\u00fclebilir plastik ambalajlar sayesinde hem do\u011fay\u0131 koruyun hem i\u015finize de\u011fer kat\u0131n. \r\n    Y\u00fcksek kaliteli geri d\u00f6n\u00fc\u015ft\u00fcr\u00fclm\u00fc\u015f uygun fiyatl\u0131 \u00fcr\u00fcnler ve \u00e7evre dostu se\u00e7eneklerle gelece\u011fi birlikte \u015fekillendirelim!\r\n  <\/p>\r\n<\/div>\r\n\t\t\t\t<\/div>\n\t\t\t\t<\/div>\n\t\t\t\t\t<\/div>\n\t\t<\/div>\n\t\t\t\t\t<\/div>\n\t\t<\/section>\n\t\t\t\t<section class=\"elementor-section elementor-top-section elementor-element elementor-element-27a20e9 elementor-section-boxed elementor-section-height-default elementor-section-height-default sc_fly_static\" data-id=\"27a20e9\" data-element_type=\"section\">\n\t\t\t\t\t\t<div class=\"elementor-container elementor-column-gap-extended\">\n\t\t\t\t\t<div class=\"elementor-column elementor-col-100 elementor-top-column elementor-element elementor-element-22de347 sc_content_align_inherit sc_layouts_column_icons_position_left sc_fly_static\" data-id=\"22de347\" data-element_type=\"column\">\n\t\t\t<div class=\"elementor-widget-wrap elementor-element-populated\">\n\t\t\t\t\t\t<div class=\"elementor-element elementor-element-0b73161 sc_fly_static elementor-widget elementor-widget-html\" data-id=\"0b73161\" data-element_type=\"widget\" data-widget_type=\"html.default\">\n\t\t\t\t<div class=\"elementor-widget-container\">\n\t\t\t\t\t<!DOCTYPE html>\r\n<html lang=\"tr\">\r\n<head>\r\n  <meta charset=\"UTF-8\">\r\n  <title>Ye\u015fil Gelecek<\/title>\r\n<\/head>\r\n<body>\r\n  <p style=\"text-align:center; color:#6AB42F; font-family:'Comic Sans MS', 'Trebuchet MS', sans-serif; font-size:30px; margin-top:50px;\">\r\n    Ye\u015fil bir gelece\u011fi birlikte in\u015fa edelim!\r\n  <\/p>\r\n<\/body>\r\n<\/html>\r\n\t\t\t\t<\/div>\n\t\t\t\t<\/div>\n\t\t\t\t\t<\/div>\n\t\t<\/div>\n\t\t\t\t\t<\/div>\n\t\t<\/section>\n\t\t\t\t<\/div>\n\t\t","protected":false},"excerpt":{"rendered":"<p>B\u00fcy\u00fck Se\u00e7enekler ve Yenilik\u00e7i \u00c7\u00f6z\u00fcmler, PolyNOCH \u0130le S\u00fcrd\u00fcr\u00fclebilir Gelecek! PolyNOCH olarak, esnek ve b\u00fcy\u00fcmeye a\u00e7\u0131k organizasyon yap\u0131m\u0131zla, ba\u015far\u0131y\u0131 g\u00fc\u00e7l\u00fc bir ekip ruhu ve i\u015f birli\u011fi anlay\u0131\u015f\u0131yla in\u015fa ediyoruz. Her bir&hellip;<\/p>\n","protected":false},"author":1,"featured_media":0,"parent":0,"menu_order":0,"comment_status":"closed","ping_status":"closed","template":"elementor_header_footer","meta":{"footnotes":""},"class_list":["post-75754","page","type-page","status-publish","hentry"],"_links":{"self":[{"href":"https:\/\/www.polynoch.com\/plastik\/wp-json\/wp\/v2\/pages\/75754","targetHints":{"allow":["GET"]}}],"collection":[{"href":"https:\/\/www.polynoch.com\/plastik\/wp-json\/wp\/v2\/pages"}],"about":[{"href":"https:\/\/www.polynoch.com\/plastik\/wp-json\/wp\/v2\/types\/page"}],"author":[{"embeddable":true,"href":"https:\/\/www.polynoch.com\/plastik\/wp-json\/wp\/v2\/users\/1"}],"replies":[{"embeddable":true,"href":"https:\/\/www.polynoch.com\/plastik\/wp-json\/wp\/v2\/comments?post=75754"}],"version-history":[{"count":26,"href":"https:\/\/www.polynoch.com\/plastik\/wp-json\/wp\/v2\/pages\/75754\/revisions"}],"predecessor-version":[{"id":76038,"href":"https:\/\/www.polynoch.com\/plastik\/wp-json\/wp\/v2\/pages\/75754\/revisions\/76038"}],"wp:attachment":[{"href":"https:\/\/www.polynoch.com\/plastik\/wp-json\/wp\/v2\/media?parent=75754"}],"curies":[{"name":"wp","href":"https:\/\/api.w.org\/{rel}","templated":true}]}}